{"id":58492,"date":"2014-11-06T14:07:30","date_gmt":"2014-11-06T13:07:30","guid":{"rendered":"http:\/\/saimn.com\/idesweb2\/?page_id=58492"},"modified":"2014-11-06T14:07:30","modified_gmt":"2014-11-06T13:07:30","slug":"company","status":"publish","type":"page","link":"https:\/\/imaster.se\/en\/about-ides\/company\/","title":{"rendered":"The company"},"content":{"rendered":"<p><div id='full_slider_1'  class='avia-fullwidth-slider main_color avia-shadow   avia-builder-el-0  el_before_av_textblock  avia-builder-el-first   container_wrap sidebar_left'  ><div  class='avia-slideshow av-av_slideshow_full-5d2dd52f6456b4d2e1bef06279200cf5 avia-slideshow-no scaling av_slideshow_full avia-slide-slider av-slideshow-ui av-control-default av-slideshow-manual av-loop-once av-loop-manual-endless   avia-slideshow-1' data-slideshow-options=\"{&quot;animation&quot;:&quot;slide&quot;,&quot;autoplay&quot;:false,&quot;loop_autoplay&quot;:&quot;once&quot;,&quot;interval&quot;:5,&quot;loop_manual&quot;:&quot;manual-endless&quot;,&quot;autoplay_stopper&quot;:false,&quot;noNavigation&quot;:false,&quot;bg_slider&quot;:false,&quot;keep_padding&quot;:false,&quot;hoverpause&quot;:false,&quot;show_slide_delay&quot;:0}\"  itemprop=\"image\" itemscope=\"itemscope\" itemtype=\"https:\/\/schema.org\/ImageObject\" ><ul class='avia-slideshow-inner ' ><\/ul><\/div><\/div><div id='after_full_slider_1'  class='main_color av_default_container_wrap container_wrap sidebar_left'  ><div class='container av-section-cont-open' ><div class='template-page content  av-content-small units'><div class='post-entry post-entry-type-page post-entry-58492'><div class='entry-content-wrapper clearfix'> <section  class='av_textblock_section av-av_textblock-a7bac4a6e49c8eb47262a43fda825da8 '   itemscope=\"itemscope\" itemtype=\"https:\/\/schema.org\/CreativeWork\" ><div class='avia_textblock'  itemprop=\"text\" ><p> <strong>Ides AB<\/strong> Ides AB \u00e4r en svensk koncern som utvecklar och tillhandah\u00e5ller ett brett utbud av programvaror f\u00f6r dokumenthantering, CAD\/CAE f\u00f6r el- och processkonstruktion, samt hantering av produkt- och anl\u00e4ggningsdata. MasterConcept \u00e4r ben\u00e4mningen p\u00e5 v\u00e5ra samlade mjukvaruprogram f\u00f6r producering och organisering av anl\u00e4ggningsrelaterad information alternativt verksamhetsrelaterad information, som till exempel anl\u00e4ggningsobjekt, informationsobjekt, teknisk data, CAD-ritningar och dokumentation. MasterConcept \u00e4r en vital komponent i v\u00e5ra kunders effektivisering kring deras tekniska &amp; administrativa processer. Ides mest ber\u00f6mda produkt \u00e4r programvaran f\u00f6r elkonstruktion &#8211; elMaster, som funnits p\u00e5 marknaden sedan 1985. Ides AB \u00e4r Autodesk ISV Partner, Autodesk ADN Member, Oracle Partner, Microsoft Partner och IFS Business Partner. \u00d6ver 3500 anv\u00e4ndare v\u00e4rlden \u00f6ver anv\u00e4nder Ides system som huvudsystem vid integrering av data till aff\u00e4rsprocesserna. V\u00e5rt system anv\u00e4nds av samtliga svenska k\u00e4rnkraftverk (OKG, Forsmark och Ringhals), SKB, ABB Group, SSAB, Scania, Areva, ALSTOM, AKZO, Eson Pac, Ineos, Bombardier Transportation, Westinghouse och kommunala kraftverk som Shanghai WuJing kraftverk, M\u00e4larenergi och G\u00f6teborg Energi. <strong>Ides Nordic AB<\/strong> Ides Nordic \u00e4r Ides dotterbolag och erbjuder tj\u00e4nster och produkter till f\u00f6retag i alla de nordiska l\u00e4nderna. <strong>Ides Shanghai Ltd.<\/strong> Ides Shanghai Ltd. \u00e4r Ides dotterbolag i Kina. V\u00e5r personal p\u00e5 Shanghai-kontoret har ett n\u00e4ra samarbete med lokala \u00e5terf\u00f6rs\u00e4ljare f\u00f6r att serva den befintliga kundbasen och f\u00f6r att bearbeta den kinesiska marknaden. <\/p>\n<\/div><\/section><\/p>\n","protected":false},"excerpt":{"rendered":"","protected":false},"author":1,"featured_media":0,"parent":730,"menu_order":0,"comment_status":"open","ping_status":"open","template":"","meta":{"footnotes":""},"class_list":["post-58492","page","type-page","status-publish","hentry"],"yoast_head":"<!-- This site is optimized with the Yoast SEO Premium plugin v27.5 (Yoast SEO v27.5) - https:\/\/yoast.com\/product\/yoast-seo-premium-wordpress\/ -->\n<title>The company<\/title>\n<meta name=\"robots\" content=\"index, follow, max-snippet:-1, max-image-preview:large, max-video-preview:-1\" \/>\n<link rel=\"canonical\" href=\"https:\/\/imaster.se\/en\/about-ides\/company\/\" \/>\n<meta property=\"og:locale\" content=\"en_US\" \/>\n<meta property=\"og:type\" content=\"article\" \/>\n<meta property=\"og:title\" content=\"The company\" \/>\n<meta property=\"og:url\" content=\"https:\/\/imaster.se\/en\/about-ides\/company\/\" \/>\n<meta property=\"og:site_name\" content=\"Ides AB\" \/>\n<meta name=\"twitter:label1\" content=\"Est. reading time\" \/>\n\t<meta name=\"twitter:data1\" content=\"2 minutes\" \/>\n<script type=\"application\/ld+json\" class=\"yoast-schema-graph\">{\"@context\":\"https:\\\/\\\/schema.org\",\"@graph\":[{\"@type\":\"WebPage\",\"@id\":\"https:\\\/\\\/imaster.se\\\/en\\\/about-ides\\\/company\\\/\",\"url\":\"https:\\\/\\\/imaster.se\\\/en\\\/about-ides\\\/company\\\/\",\"name\":\"The company\",\"isPartOf\":{\"@id\":\"https:\\\/\\\/www.idesglobal.com\\\/#website\"},\"datePublished\":\"2014-11-06T13:07:30+00:00\",\"breadcrumb\":{\"@id\":\"https:\\\/\\\/imaster.se\\\/en\\\/about-ides\\\/company\\\/#breadcrumb\"},\"inLanguage\":\"en-US\",\"potentialAction\":[{\"@type\":\"ReadAction\",\"target\":[\"https:\\\/\\\/imaster.se\\\/en\\\/about-ides\\\/company\\\/\"]}]},{\"@type\":\"BreadcrumbList\",\"@id\":\"https:\\\/\\\/imaster.se\\\/en\\\/about-ides\\\/company\\\/#breadcrumb\",\"itemListElement\":[{\"@type\":\"ListItem\",\"position\":1,\"name\":\"Hem\",\"item\":\"https:\\\/\\\/www.imaster.se\\\/en\\\/\"},{\"@type\":\"ListItem\",\"position\":2,\"name\":\"About Ides\",\"item\":\"https:\\\/\\\/www.imaster.se\\\/en\\\/about-ides\\\/\"},{\"@type\":\"ListItem\",\"position\":3,\"name\":\"The company\"}]},{\"@type\":\"WebSite\",\"@id\":\"https:\\\/\\\/www.idesglobal.com\\\/#website\",\"url\":\"https:\\\/\\\/www.idesglobal.com\\\/\",\"name\":\"Ides AB\",\"description\":\"Ides Master concept\",\"publisher\":{\"@id\":\"https:\\\/\\\/www.idesglobal.com\\\/#organization\"},\"potentialAction\":[{\"@type\":\"SearchAction\",\"target\":{\"@type\":\"EntryPoint\",\"urlTemplate\":\"https:\\\/\\\/www.idesglobal.com\\\/?s={search_term_string}\"},\"query-input\":{\"@type\":\"PropertyValueSpecification\",\"valueRequired\":true,\"valueName\":\"search_term_string\"}}],\"inLanguage\":\"en-US\"},{\"@type\":\"Organization\",\"@id\":\"https:\\\/\\\/www.idesglobal.com\\\/#organization\",\"name\":\"Ides AB\",\"url\":\"https:\\\/\\\/www.idesglobal.com\\\/\",\"logo\":{\"@type\":\"ImageObject\",\"inLanguage\":\"en-US\",\"@id\":\"https:\\\/\\\/www.idesglobal.com\\\/#\\\/schema\\\/logo\\\/image\\\/\",\"url\":\"https:\\\/\\\/idesglobal.com\\\/wp-content\\\/uploads\\\/2021\\\/06\\\/Master_concept_ides_20-stor.png\",\"contentUrl\":\"https:\\\/\\\/idesglobal.com\\\/wp-content\\\/uploads\\\/2021\\\/06\\\/Master_concept_ides_20-stor.png\",\"width\":400,\"height\":59,\"caption\":\"Ides AB\"},\"image\":{\"@id\":\"https:\\\/\\\/www.idesglobal.com\\\/#\\\/schema\\\/logo\\\/image\\\/\"},\"sameAs\":[\"https:\\\/\\\/www.linkedin.com\\\/company\\\/1933692\\\/\"]}]}<\/script>\n<!-- \/ Yoast SEO Premium plugin. -->","yoast_head_json":{"title":"The company","robots":{"index":"index","follow":"follow","max-snippet":"max-snippet:-1","max-image-preview":"max-image-preview:large","max-video-preview":"max-video-preview:-1"},"canonical":"https:\/\/imaster.se\/en\/about-ides\/company\/","og_locale":"en_US","og_type":"article","og_title":"The company","og_url":"https:\/\/imaster.se\/en\/about-ides\/company\/","og_site_name":"Ides AB","twitter_misc":{"Est. reading time":"2 minutes"},"schema":{"@context":"https:\/\/schema.org","@graph":[{"@type":"WebPage","@id":"https:\/\/imaster.se\/en\/about-ides\/company\/","url":"https:\/\/imaster.se\/en\/about-ides\/company\/","name":"The company","isPartOf":{"@id":"https:\/\/www.idesglobal.com\/#website"},"datePublished":"2014-11-06T13:07:30+00:00","breadcrumb":{"@id":"https:\/\/imaster.se\/en\/about-ides\/company\/#breadcrumb"},"inLanguage":"en-US","potentialAction":[{"@type":"ReadAction","target":["https:\/\/imaster.se\/en\/about-ides\/company\/"]}]},{"@type":"BreadcrumbList","@id":"https:\/\/imaster.se\/en\/about-ides\/company\/#breadcrumb","itemListElement":[{"@type":"ListItem","position":1,"name":"Hem","item":"https:\/\/www.imaster.se\/en\/"},{"@type":"ListItem","position":2,"name":"About Ides","item":"https:\/\/www.imaster.se\/en\/about-ides\/"},{"@type":"ListItem","position":3,"name":"The company"}]},{"@type":"WebSite","@id":"https:\/\/www.idesglobal.com\/#website","url":"https:\/\/www.idesglobal.com\/","name":"Ides AB","description":"Ides Master concept","publisher":{"@id":"https:\/\/www.idesglobal.com\/#organization"},"potentialAction":[{"@type":"SearchAction","target":{"@type":"EntryPoint","urlTemplate":"https:\/\/www.idesglobal.com\/?s={search_term_string}"},"query-input":{"@type":"PropertyValueSpecification","valueRequired":true,"valueName":"search_term_string"}}],"inLanguage":"en-US"},{"@type":"Organization","@id":"https:\/\/www.idesglobal.com\/#organization","name":"Ides AB","url":"https:\/\/www.idesglobal.com\/","logo":{"@type":"ImageObject","inLanguage":"en-US","@id":"https:\/\/www.idesglobal.com\/#\/schema\/logo\/image\/","url":"https:\/\/idesglobal.com\/wp-content\/uploads\/2021\/06\/Master_concept_ides_20-stor.png","contentUrl":"https:\/\/idesglobal.com\/wp-content\/uploads\/2021\/06\/Master_concept_ides_20-stor.png","width":400,"height":59,"caption":"Ides AB"},"image":{"@id":"https:\/\/www.idesglobal.com\/#\/schema\/logo\/image\/"},"sameAs":["https:\/\/www.linkedin.com\/company\/1933692\/"]}]}},"_links":{"self":[{"href":"https:\/\/imaster.se\/en\/wp-json\/wp\/v2\/pages\/58492","targetHints":{"allow":["GET"]}}],"collection":[{"href":"https:\/\/imaster.se\/en\/wp-json\/wp\/v2\/pages"}],"about":[{"href":"https:\/\/imaster.se\/en\/wp-json\/wp\/v2\/types\/page"}],"author":[{"embeddable":true,"href":"https:\/\/imaster.se\/en\/wp-json\/wp\/v2\/users\/1"}],"replies":[{"embeddable":true,"href":"https:\/\/imaster.se\/en\/wp-json\/wp\/v2\/comments?post=58492"}],"version-history":[{"count":2,"href":"https:\/\/imaster.se\/en\/wp-json\/wp\/v2\/pages\/58492\/revisions"}],"predecessor-version":[{"id":79290,"href":"https:\/\/imaster.se\/en\/wp-json\/wp\/v2\/pages\/58492\/revisions\/79290"}],"up":[{"embeddable":true,"href":"https:\/\/imaster.se\/en\/wp-json\/wp\/v2\/pages\/730"}],"wp:attachment":[{"href":"https:\/\/imaster.se\/en\/wp-json\/wp\/v2\/media?parent=58492"}],"curies":[{"name":"wp","href":"https:\/\/api.w.org\/{rel}","templated":true}]}}