{"id":69083,"date":"2017-08-18T14:21:10","date_gmt":"2017-08-18T12:21:10","guid":{"rendered":"http:\/\/imaster.se\/en\/?page_id=69083"},"modified":"2020-06-23T14:32:08","modified_gmt":"2020-06-23T12:32:08","slug":"westinghouse","status":"publish","type":"page","link":"https:\/\/imaster.se\/en\/references\/westinghouse\/","title":{"rendered":"Westinghouse"},"content":{"rendered":"\n<style type=\"text\/css\" data-created_by=\"avia_inline_auto\" id=\"style-css-av-4ur6j7f-9dd69a86da24bf5962683d3e99a787a8\">\n.avia-section.av-4ur6j7f-9dd69a86da24bf5962683d3e99a787a8{\nbackground-repeat:no-repeat;\nbackground-image:url(https:\/\/imaster.se\/wp-content\/uploads\/2017\/03\/westinghouse_bild2.jpg);\nbackground-position:0% 0%;\nbackground-attachment:scroll;\n}\n<\/style>\n<div id='av_section_1'  class='avia-section av-4ur6j7f-9dd69a86da24bf5962683d3e99a787a8 main_color avia-section-default avia-no-shadow  avia-builder-el-0  el_before_av_section  avia-builder-el-first  avia-bg-style-scroll av-minimum-height av-minimum-height-custom av-height-custom  container_wrap sidebar_left'  data-section-bg-repeat='no-repeat' data-av_minimum_height_px='500'><div class='container av-section-cont-open' style='height:500px'><main  role=\"main\" itemprop=\"mainContentOfPage\"  class='template-page content  av-content-small units'><div class='post-entry post-entry-type-page post-entry-69083'><div class='entry-content-wrapper clearfix'>\n\n<style type=\"text\/css\" data-created_by=\"avia_inline_auto\" id=\"style-css-av-4alrzqz-cb2cd17d681fc55a3ea739371edd93c7\">\n#top .av-special-heading.av-4alrzqz-cb2cd17d681fc55a3ea739371edd93c7{\npadding-bottom:10px;\ncolor:#ffffff;\nfont-size:60px;\n}\nbody .av-special-heading.av-4alrzqz-cb2cd17d681fc55a3ea739371edd93c7 .av-special-heading-tag .heading-char{\nfont-size:25px;\n}\n#top #wrap_all .av-special-heading.av-4alrzqz-cb2cd17d681fc55a3ea739371edd93c7 .av-special-heading-tag{\nfont-size:60px;\n}\n.av-special-heading.av-4alrzqz-cb2cd17d681fc55a3ea739371edd93c7 .special-heading-inner-border{\nborder-color:#ffffff;\n}\n.av-special-heading.av-4alrzqz-cb2cd17d681fc55a3ea739371edd93c7 .av-subheading{\nfont-size:15px;\n}\n\n@media only screen and (min-width: 480px) and (max-width: 767px){ \n#top #wrap_all .av-special-heading.av-4alrzqz-cb2cd17d681fc55a3ea739371edd93c7 .av-special-heading-tag{\nfont-size:0.8em;\n}\n}\n\n@media only screen and (max-width: 479px){ \n#top #wrap_all .av-special-heading.av-4alrzqz-cb2cd17d681fc55a3ea739371edd93c7 .av-special-heading-tag{\nfont-size:0.8em;\n}\n}\n<\/style>\n<div  class='av-special-heading av-4alrzqz-cb2cd17d681fc55a3ea739371edd93c7 av-special-heading-h3 custom-color-heading blockquote modern-quote  avia-builder-el-1  avia-builder-el-no-sibling  av-inherit-size'><h3 class='av-special-heading-tag '  itemprop=\"headline\"  >The efficiency increases in the plant<\/h3><div class=\"special-heading-border\"><div class=\"special-heading-inner-border\"><\/div><\/div><\/div>\n\n<\/div><\/div><\/main><!-- close content main element --><\/div><\/div>\n<style type=\"text\/css\" data-created_by=\"avia_inline_auto\" id=\"style-css-av-3xpsw0r-b64cc7cddad5d80cbbea260b4e23bdfc\">\n.avia-section.av-3xpsw0r-b64cc7cddad5d80cbbea260b4e23bdfc{\nbackground-color:#ffffff;\nbackground-image:unset;\n}\n<\/style>\n<div id='av_section_2'  class='avia-section av-3xpsw0r-b64cc7cddad5d80cbbea260b4e23bdfc main_color avia-section-default avia-no-shadow  avia-builder-el-2  el_after_av_section  avia-builder-el-last  avia-bg-style-scroll container_wrap sidebar_left'  ><div class='container av-section-cont-open' ><div class='template-page content  av-content-small units'><div class='post-entry post-entry-type-page post-entry-69083'><div class='entry-content-wrapper clearfix'>\n\n<style type=\"text\/css\" data-created_by=\"avia_inline_auto\" id=\"style-css-av-3mzekez-6f4bc303a12da7563a517753876278ea\">\n.flex_column.av-3mzekez-6f4bc303a12da7563a517753876278ea{\nborder-radius:0px 0px 0px 0px;\npadding:0px 0px 0px 0px;\n}\n<\/style>\n<div  class='flex_column av-3mzekez-6f4bc303a12da7563a517753876278ea av_one_fifth  avia-builder-el-3  el_before_av_four_fifth  avia-builder-el-first  first flex_column_div av-zero-column-padding  '     ><p>\n<style type=\"text\/css\" data-created_by=\"avia_inline_auto\" id=\"style-css-av-358xba3-cb55a4a4cadd9b41dc69c96a9535de80\">\n#top .hr.hr-invisible.av-358xba3-cb55a4a4cadd9b41dc69c96a9535de80{\nheight:80px;\n}\n<\/style>\n<div  class='hr av-358xba3-cb55a4a4cadd9b41dc69c96a9535de80 hr-invisible  avia-builder-el-4  el_before_av_heading  avia-builder-el-first '><span class='hr-inner '><span class=\"hr-inner-style\"><\/span><\/span><\/div><br \/>\n\n<style type=\"text\/css\" data-created_by=\"avia_inline_auto\" id=\"style-css-av-av_heading-7253eb8c6e2560a03f3b8f3da6e67b27\">\n#top .av-special-heading.av-av_heading-7253eb8c6e2560a03f3b8f3da6e67b27{\npadding-bottom:10px;\nfont-size:20px;\n}\nbody .av-special-heading.av-av_heading-7253eb8c6e2560a03f3b8f3da6e67b27 .av-special-heading-tag .heading-char{\nfont-size:25px;\n}\n#top #wrap_all .av-special-heading.av-av_heading-7253eb8c6e2560a03f3b8f3da6e67b27 .av-special-heading-tag{\nfont-size:20px;\n}\n.av-special-heading.av-av_heading-7253eb8c6e2560a03f3b8f3da6e67b27 .av-subheading{\nfont-size:15px;\n}\n\n@media only screen and (min-width: 480px) and (max-width: 767px){ \n#top #wrap_all .av-special-heading.av-av_heading-7253eb8c6e2560a03f3b8f3da6e67b27 .av-special-heading-tag{\nfont-size:0.8em;\n}\n}\n\n@media only screen and (max-width: 479px){ \n#top #wrap_all .av-special-heading.av-av_heading-7253eb8c6e2560a03f3b8f3da6e67b27 .av-special-heading-tag{\nfont-size:0.8em;\n}\n}\n<\/style>\n<div  class='av-special-heading av-av_heading-7253eb8c6e2560a03f3b8f3da6e67b27 av-special-heading-h3 blockquote modern-quote  avia-builder-el-5  el_after_av_hr  el_before_av_textblock  av-inherit-size'><h3 class='av-special-heading-tag '  itemprop=\"headline\"  >Read more about:<\/h3><div class=\"special-heading-border\"><div class=\"special-heading-inner-border\"><\/div><\/div><\/div><br \/>\n<section  class='av_textblock_section av-jzv4rsr8-ce82198370ad9b0a482599aff063adb4 '   itemscope=\"itemscope\" itemtype=\"https:\/\/schema.org\/CreativeWork\" ><div class='avia_textblock'  itemprop=\"text\" ><p><a href=\"https:\/\/www.idesglobal.com\/en\/references\/skellefteakraft\/\">Skellefte\u00e5 Kraft<\/a><\/p>\n<p><a href=\"http:\/\/www.idesglobal.com\/en\/references\/abb-lv-systems\/\">ABB LV Systems<\/a><\/p>\n<p><a href=\"http:\/\/www.idesglobal.com\/en\/references\/forsmark\/\">The swedish nuclear power plant Forsmark<\/a><\/p>\n<p><a href=\"http:\/\/www.idesglobal.com\/en\/references\/goteborg-energi\/\">G\u00f6teborg Energi<\/a><\/p>\n<p><a href=\"http:\/\/www.idesglobal.com\/en\/references\/skb\/\">The Swedish Nuclear Fuel and Waste Management SKB<\/a><\/p>\n<p><a href=\"http:\/\/www.idesglobal.com\/en\/references\/westinghouse\/\">Westinghouse<\/a><\/p>\n<\/div><\/section><\/p><\/div>\n<style type=\"text\/css\" data-created_by=\"avia_inline_auto\" id=\"style-css-av-25vjemz-07fcadc6814103e64919320dbf657e57\">\n.flex_column.av-25vjemz-07fcadc6814103e64919320dbf657e57{\nborder-radius:0px 0px 0px 0px;\npadding:0px 0px 0px 0px;\n}\n<\/style>\n<div  class='flex_column av-25vjemz-07fcadc6814103e64919320dbf657e57 av_four_fifth  avia-builder-el-7  el_after_av_one_fifth  avia-builder-el-last  flex_column_div av-zero-column-padding  '     ><p>\n<style type=\"text\/css\" data-created_by=\"avia_inline_auto\" id=\"style-css-av-av_heading-ea07cf29e6e3cc900b745e112674e325\">\n#top .av-special-heading.av-av_heading-ea07cf29e6e3cc900b745e112674e325{\npadding-bottom:10px;\nfont-size:30px;\n}\nbody .av-special-heading.av-av_heading-ea07cf29e6e3cc900b745e112674e325 .av-special-heading-tag .heading-char{\nfont-size:25px;\n}\n#top #wrap_all .av-special-heading.av-av_heading-ea07cf29e6e3cc900b745e112674e325 .av-special-heading-tag{\nfont-size:30px;\n}\n.av-special-heading.av-av_heading-ea07cf29e6e3cc900b745e112674e325 .av-subheading{\nfont-size:15px;\n}\n\n@media only screen and (min-width: 480px) and (max-width: 767px){ \n#top #wrap_all .av-special-heading.av-av_heading-ea07cf29e6e3cc900b745e112674e325 .av-special-heading-tag{\nfont-size:0.8em;\n}\n}\n\n@media only screen and (max-width: 479px){ \n#top #wrap_all .av-special-heading.av-av_heading-ea07cf29e6e3cc900b745e112674e325 .av-special-heading-tag{\nfont-size:0.8em;\n}\n}\n<\/style>\n<div  class='av-special-heading av-av_heading-ea07cf29e6e3cc900b745e112674e325 av-special-heading-h3 blockquote modern-quote  avia-builder-el-8  el_before_av_hr  avia-builder-el-first  av-inherit-size'><h3 class='av-special-heading-tag '  itemprop=\"headline\"  >Westinghouse electric chooses Ides plant design software for all divisions in sweden<\/h3><div class=\"special-heading-border\"><div class=\"special-heading-inner-border\"><\/div><\/div><\/div><br \/>\n<div  class='hr av-13kh24b-7a67ef5543b302b5e5e37da53472ec8d hr-default  avia-builder-el-9  el_after_av_heading  el_before_av_textblock '><span class='hr-inner '><span class=\"hr-inner-style\"><\/span><\/span><\/div><br \/>\n\n<style type=\"text\/css\" data-created_by=\"avia_inline_auto\" id=\"style-css-av-qj0rmj-5fe30d63492c1af0a6451d29ee0ce188\">\n#top .av_textblock_section.av-qj0rmj-5fe30d63492c1af0a6451d29ee0ce188 .avia_textblock{\nfont-size:15px;\n}\n<\/style>\n<section  class='av_textblock_section av-qj0rmj-5fe30d63492c1af0a6451d29ee0ce188 '   itemscope=\"itemscope\" itemtype=\"https:\/\/schema.org\/CreativeWork\" ><div class='avia_textblock'  itemprop=\"text\" ><h4>The two Swedish units of Westinghouse Group, Nuclear fuel and Nuclear Services, take the next step in the modernization of engineering, plant design field and plant management by investing in Ides\u2019 software Master concept.<\/h4>\n<p>Westinghouse Sweden has more than 800 employees and is responsible for the boiling water reactor (BWR) technology within each business unit and has to its credit built nine nuclear power plants in Sweden and two in Finland, based on its own independent design.<\/p>\n<p>During the first stage of this modernization process, Westinghouse will start working database oriented with their plant projects. Both Westinghouse units are now replacing IDOK process CAD with Ides proMaster. Existing elMaster licenses will also be updated, as will the database. The functionality in proMaster will be even more refined in order to support Westinghouse\u2019s requirements, needs and working methodology. In order to support Westinghouse through this process, Ides also makes arrangements for installation, training and implementation support in the system.<\/p>\n<p>This is the first step of several in the process to improve the management of Westinghouse\u2019s plant documentation, primarily electricity and process. In order to increase the efficiency in their plant and in their projects, the goal of this first step is to gain improved quality and safety, document control, working methodology, demand data, environmental\/ safety classifications and document publishing.<\/p>\n<p><em>\u2013 With this contract we have proven not only that we have the right technology for the Swedish nuclear and power industry but also that we can handle extremely high requirements on data security within the nuclear industry worldwide, says Lars Geidne, CEO, Ides AB.<\/em><\/p>\n<h4>About Westinghouse<\/h4>\n<p>A vital part of Westinghouse Nuclear Fuel is the Westinghouse Sweden Nuclear Fuel Factory, situated in V\u00e4ster\u00e5s, Sweden. Nuclear Fuel (Sweden Operations, BWR and PWR Fuel Products and Fuel Engineering) in V\u00e4ster\u00e5s is responsible for the entire chain from research and development to manufacturing of nuclear fuel for Boiling Water Reactors and Pressurized Water Reactors, as well as control rods and fuel channels for BWR plants including codes for core surveillance.<\/p>\n<p>Nuclear Services (BWR Engineering Services, BWR Field Services and Repair, Replacement &amp; Automation Services) supports customers in the BWR markets in Europe, the USA and Asia. Nuclear Services is a complete supplier of both engineering services and field services. Nuclear Services provides full-service undertakings and edge technology products within outage services, repair and investigations, analysis, modernizations and licensing work. Within Repair, Replacement &amp; Automation Services Westinghouse delivers automation projects for nuclear plants on the Nordic market.<\/p>\n<\/div><\/section><\/p><\/div><\/div><\/div><\/div><!-- close content main div --><\/div><\/div><div id='after_section_2'  class='main_color av_default_container_wrap container_wrap sidebar_left'  ><div class='container av-section-cont-open' ><div class='template-page content  av-content-small units'><div class='post-entry post-entry-type-page post-entry-69083'><div class='entry-content-wrapper clearfix'>\n","protected":false},"excerpt":{"rendered":"","protected":false},"author":1,"featured_media":0,"parent":67702,"menu_order":0,"comment_status":"closed","ping_status":"closed","template":"","meta":{"footnotes":""},"class_list":["post-69083","page","type-page","status-publish","hentry"],"yoast_head":"<!-- This site is optimized with the Yoast SEO Premium plugin v27.4 (Yoast SEO v27.4) - https:\/\/yoast.com\/product\/yoast-seo-premium-wordpress\/ -->\n<title>Westinghouse<\/title>\n<meta name=\"description\" content=\"Westinghouse Sweden will start working database oriented with their plant projects and invests in Ides software MasterConcept.\" \/>\n<meta name=\"robots\" content=\"index, follow, max-snippet:-1, max-image-preview:large, max-video-preview:-1\" \/>\n<link rel=\"canonical\" href=\"https:\/\/imaster.se\/en\/references\/westinghouse\/\" \/>\n<meta property=\"og:locale\" content=\"en_US\" \/>\n<meta property=\"og:type\" content=\"article\" \/>\n<meta property=\"og:title\" content=\"Westinghouse\" \/>\n<meta property=\"og:description\" content=\"Westinghouse Sweden will start working database oriented with their plant projects and invests in Ides software MasterConcept.\" \/>\n<meta property=\"og:url\" content=\"https:\/\/imaster.se\/en\/references\/westinghouse\/\" \/>\n<meta property=\"og:site_name\" content=\"Ides AB\" \/>\n<meta property=\"article:modified_time\" content=\"2020-06-23T12:32:08+00:00\" \/>\n<meta name=\"twitter:label1\" content=\"Est. reading time\" \/>\n\t<meta name=\"twitter:data1\" content=\"5 minutes\" \/>\n<script type=\"application\/ld+json\" class=\"yoast-schema-graph\">{\"@context\":\"https:\\\/\\\/schema.org\",\"@graph\":[{\"@type\":\"WebPage\",\"@id\":\"https:\\\/\\\/imaster.se\\\/en\\\/references\\\/westinghouse\\\/\",\"url\":\"https:\\\/\\\/imaster.se\\\/en\\\/references\\\/westinghouse\\\/\",\"name\":\"Westinghouse\",\"isPartOf\":{\"@id\":\"https:\\\/\\\/idesglobal.com\\\/#website\"},\"datePublished\":\"2017-08-18T12:21:10+00:00\",\"dateModified\":\"2020-06-23T12:32:08+00:00\",\"description\":\"Westinghouse Sweden will start working database oriented with their plant projects and invests in Ides software MasterConcept.\",\"breadcrumb\":{\"@id\":\"https:\\\/\\\/imaster.se\\\/en\\\/references\\\/westinghouse\\\/#breadcrumb\"},\"inLanguage\":\"en-US\",\"potentialAction\":[{\"@type\":\"ReadAction\",\"target\":[\"https:\\\/\\\/imaster.se\\\/en\\\/references\\\/westinghouse\\\/\"]}]},{\"@type\":\"BreadcrumbList\",\"@id\":\"https:\\\/\\\/imaster.se\\\/en\\\/references\\\/westinghouse\\\/#breadcrumb\",\"itemListElement\":[{\"@type\":\"ListItem\",\"position\":1,\"name\":\"Hem\",\"item\":\"https:\\\/\\\/idescrm.idesglobal.com\\\/en\\\/\"},{\"@type\":\"ListItem\",\"position\":2,\"name\":\"References\",\"item\":\"https:\\\/\\\/www.imaster.se\\\/en\\\/references\\\/\"},{\"@type\":\"ListItem\",\"position\":3,\"name\":\"Westinghouse\"}]},{\"@type\":\"WebSite\",\"@id\":\"https:\\\/\\\/idesglobal.com\\\/#website\",\"url\":\"https:\\\/\\\/idesglobal.com\\\/\",\"name\":\"Ides AB\",\"description\":\"Ides Master concept\",\"publisher\":{\"@id\":\"https:\\\/\\\/idesglobal.com\\\/#organization\"},\"potentialAction\":[{\"@type\":\"SearchAction\",\"target\":{\"@type\":\"EntryPoint\",\"urlTemplate\":\"https:\\\/\\\/idesglobal.com\\\/?s={search_term_string}\"},\"query-input\":{\"@type\":\"PropertyValueSpecification\",\"valueRequired\":true,\"valueName\":\"search_term_string\"}}],\"inLanguage\":\"en-US\"},{\"@type\":\"Organization\",\"@id\":\"https:\\\/\\\/idesglobal.com\\\/#organization\",\"name\":\"Ides AB\",\"url\":\"https:\\\/\\\/idesglobal.com\\\/\",\"logo\":{\"@type\":\"ImageObject\",\"inLanguage\":\"en-US\",\"@id\":\"https:\\\/\\\/idesglobal.com\\\/#\\\/schema\\\/logo\\\/image\\\/\",\"url\":\"https:\\\/\\\/idesglobal.com\\\/wp-content\\\/uploads\\\/2021\\\/06\\\/Master_concept_ides_20-stor.png\",\"contentUrl\":\"https:\\\/\\\/idesglobal.com\\\/wp-content\\\/uploads\\\/2021\\\/06\\\/Master_concept_ides_20-stor.png\",\"width\":400,\"height\":59,\"caption\":\"Ides AB\"},\"image\":{\"@id\":\"https:\\\/\\\/idesglobal.com\\\/#\\\/schema\\\/logo\\\/image\\\/\"},\"sameAs\":[\"https:\\\/\\\/www.linkedin.com\\\/company\\\/1933692\\\/\"]}]}<\/script>\n<!-- \/ Yoast SEO Premium plugin. -->","yoast_head_json":{"title":"Westinghouse","description":"Westinghouse Sweden will start working database oriented with their plant projects and invests in Ides software MasterConcept.","robots":{"index":"index","follow":"follow","max-snippet":"max-snippet:-1","max-image-preview":"max-image-preview:large","max-video-preview":"max-video-preview:-1"},"canonical":"https:\/\/imaster.se\/en\/references\/westinghouse\/","og_locale":"en_US","og_type":"article","og_title":"Westinghouse","og_description":"Westinghouse Sweden will start working database oriented with their plant projects and invests in Ides software MasterConcept.","og_url":"https:\/\/imaster.se\/en\/references\/westinghouse\/","og_site_name":"Ides AB","article_modified_time":"2020-06-23T12:32:08+00:00","twitter_misc":{"Est. reading time":"5 minutes"},"schema":{"@context":"https:\/\/schema.org","@graph":[{"@type":"WebPage","@id":"https:\/\/imaster.se\/en\/references\/westinghouse\/","url":"https:\/\/imaster.se\/en\/references\/westinghouse\/","name":"Westinghouse","isPartOf":{"@id":"https:\/\/idesglobal.com\/#website"},"datePublished":"2017-08-18T12:21:10+00:00","dateModified":"2020-06-23T12:32:08+00:00","description":"Westinghouse Sweden will start working database oriented with their plant projects and invests in Ides software MasterConcept.","breadcrumb":{"@id":"https:\/\/imaster.se\/en\/references\/westinghouse\/#breadcrumb"},"inLanguage":"en-US","potentialAction":[{"@type":"ReadAction","target":["https:\/\/imaster.se\/en\/references\/westinghouse\/"]}]},{"@type":"BreadcrumbList","@id":"https:\/\/imaster.se\/en\/references\/westinghouse\/#breadcrumb","itemListElement":[{"@type":"ListItem","position":1,"name":"Hem","item":"https:\/\/idescrm.idesglobal.com\/en\/"},{"@type":"ListItem","position":2,"name":"References","item":"https:\/\/www.imaster.se\/en\/references\/"},{"@type":"ListItem","position":3,"name":"Westinghouse"}]},{"@type":"WebSite","@id":"https:\/\/idesglobal.com\/#website","url":"https:\/\/idesglobal.com\/","name":"Ides AB","description":"Ides Master concept","publisher":{"@id":"https:\/\/idesglobal.com\/#organization"},"potentialAction":[{"@type":"SearchAction","target":{"@type":"EntryPoint","urlTemplate":"https:\/\/idesglobal.com\/?s={search_term_string}"},"query-input":{"@type":"PropertyValueSpecification","valueRequired":true,"valueName":"search_term_string"}}],"inLanguage":"en-US"},{"@type":"Organization","@id":"https:\/\/idesglobal.com\/#organization","name":"Ides AB","url":"https:\/\/idesglobal.com\/","logo":{"@type":"ImageObject","inLanguage":"en-US","@id":"https:\/\/idesglobal.com\/#\/schema\/logo\/image\/","url":"https:\/\/idesglobal.com\/wp-content\/uploads\/2021\/06\/Master_concept_ides_20-stor.png","contentUrl":"https:\/\/idesglobal.com\/wp-content\/uploads\/2021\/06\/Master_concept_ides_20-stor.png","width":400,"height":59,"caption":"Ides AB"},"image":{"@id":"https:\/\/idesglobal.com\/#\/schema\/logo\/image\/"},"sameAs":["https:\/\/www.linkedin.com\/company\/1933692\/"]}]}},"_links":{"self":[{"href":"https:\/\/imaster.se\/en\/wp-json\/wp\/v2\/pages\/69083","targetHints":{"allow":["GET"]}}],"collection":[{"href":"https:\/\/imaster.se\/en\/wp-json\/wp\/v2\/pages"}],"about":[{"href":"https:\/\/imaster.se\/en\/wp-json\/wp\/v2\/types\/page"}],"author":[{"embeddable":true,"href":"https:\/\/imaster.se\/en\/wp-json\/wp\/v2\/users\/1"}],"replies":[{"embeddable":true,"href":"https:\/\/imaster.se\/en\/wp-json\/wp\/v2\/comments?post=69083"}],"version-history":[{"count":7,"href":"https:\/\/imaster.se\/en\/wp-json\/wp\/v2\/pages\/69083\/revisions"}],"predecessor-version":[{"id":80972,"href":"https:\/\/imaster.se\/en\/wp-json\/wp\/v2\/pages\/69083\/revisions\/80972"}],"up":[{"embeddable":true,"href":"https:\/\/imaster.se\/en\/wp-json\/wp\/v2\/pages\/67702"}],"wp:attachment":[{"href":"https:\/\/imaster.se\/en\/wp-json\/wp\/v2\/media?parent=69083"}],"curies":[{"name":"wp","href":"https:\/\/api.w.org\/{rel}","templated":true}]}}