{"id":76685,"date":"2016-11-16T08:17:52","date_gmt":"2016-11-16T07:17:52","guid":{"rendered":"https:\/\/imaster.se\/en\/references\/vb-energi\/"},"modified":"2020-06-23T14:30:05","modified_gmt":"2020-06-23T12:30:05","slug":"vb-energi","status":"publish","type":"page","link":"https:\/\/imaster.se\/en\/references\/vb-energi\/","title":{"rendered":"VB Energi"},"content":{"rendered":"\n<style type=\"text\/css\" data-created_by=\"avia_inline_auto\" id=\"style-css-av-4aoiqzx-45725eb8910f95a12fcafff9d438c0ff\">\n.avia-section.av-4aoiqzx-45725eb8910f95a12fcafff9d438c0ff{\nbackground-repeat:no-repeat;\nbackground-image:url(https:\/\/imaster.se\/wp-content\/uploads\/2016\/11\/vb-eln\u00e4t-hemsida.jpg);\nbackground-position:0% 0%;\nbackground-attachment:scroll;\n}\n<\/style>\n<div id='av_section_1'  class='avia-section av-4aoiqzx-45725eb8910f95a12fcafff9d438c0ff main_color avia-section-default avia-no-shadow  avia-builder-el-0  el_before_av_section  avia-builder-el-first  avia-bg-style-scroll av-minimum-height av-minimum-height-custom av-height-custom  container_wrap sidebar_left'  data-section-bg-repeat='no-repeat' data-av_minimum_height_px='500'><div class='container av-section-cont-open' style='height:500px'><main  role=\"main\" itemprop=\"mainContentOfPage\"  class='template-page content  av-content-small units'><div class='post-entry post-entry-type-page post-entry-76685'><div class='entry-content-wrapper clearfix'>\n\n<style type=\"text\/css\" data-created_by=\"avia_inline_auto\" id=\"style-css-av-jvzbd550-55a9152cb41b8d4d39d40e6173bab244\">\n#top .av-special-heading.av-jvzbd550-55a9152cb41b8d4d39d40e6173bab244{\npadding-bottom:10px;\ncolor:#ffffff;\nfont-size:60px;\n}\nbody .av-special-heading.av-jvzbd550-55a9152cb41b8d4d39d40e6173bab244 .av-special-heading-tag .heading-char{\nfont-size:25px;\n}\n#top #wrap_all .av-special-heading.av-jvzbd550-55a9152cb41b8d4d39d40e6173bab244 .av-special-heading-tag{\nfont-size:60px;\n}\n.av-special-heading.av-jvzbd550-55a9152cb41b8d4d39d40e6173bab244 .special-heading-inner-border{\nborder-color:#ffffff;\n}\n.av-special-heading.av-jvzbd550-55a9152cb41b8d4d39d40e6173bab244 .av-subheading{\nfont-size:15px;\n}\n\n@media only screen and (min-width: 480px) and (max-width: 767px){ \n#top #wrap_all .av-special-heading.av-jvzbd550-55a9152cb41b8d4d39d40e6173bab244 .av-special-heading-tag{\nfont-size:0.8em;\n}\n}\n\n@media only screen and (max-width: 479px){ \n#top #wrap_all .av-special-heading.av-jvzbd550-55a9152cb41b8d4d39d40e6173bab244 .av-special-heading-tag{\nfont-size:0.8em;\n}\n}\n<\/style>\n<div  class='av-special-heading av-jvzbd550-55a9152cb41b8d4d39d40e6173bab244 av-special-heading-h3 custom-color-heading blockquote modern-quote  avia-builder-el-1  avia-builder-el-no-sibling  av-inherit-size'><h3 class='av-special-heading-tag '  itemprop=\"headline\"  ><span class='special_amp'>&#8220;<\/span>Now we have a clear structure<span class='special_amp'>&#8221;<\/span><\/h3><div class=\"special-heading-border\"><div class=\"special-heading-inner-border\"><\/div><\/div><\/div>\n\n<\/div><\/div><\/main><!-- close content main element --><\/div><\/div>\n<style type=\"text\/css\" data-created_by=\"avia_inline_auto\" id=\"style-css-av-40mrru5-fec4910fedad598a28c4500e7998757a\">\n.avia-section.av-40mrru5-fec4910fedad598a28c4500e7998757a{\nbackground-color:#ffffff;\nbackground-image:unset;\n}\n<\/style>\n<div id='av_section_2'  class='avia-section av-40mrru5-fec4910fedad598a28c4500e7998757a main_color avia-section-default avia-no-shadow  avia-builder-el-2  el_after_av_section  avia-builder-el-last  avia-bg-style-scroll container_wrap sidebar_left'  ><div class='container av-section-cont-open' ><div class='template-page content  av-content-small units'><div class='post-entry post-entry-type-page post-entry-76685'><div class='entry-content-wrapper clearfix'>\n\n<style type=\"text\/css\" data-created_by=\"avia_inline_auto\" id=\"style-css-av-3lmer71-3ab1a94df0594fe64d9d25db2cb1500e\">\n.flex_column.av-3lmer71-3ab1a94df0594fe64d9d25db2cb1500e{\nborder-radius:0px 0px 0px 0px;\npadding:0px 0px 0px 0px;\n}\n<\/style>\n<div  class='flex_column av-3lmer71-3ab1a94df0594fe64d9d25db2cb1500e av_one_fifth  avia-builder-el-3  el_before_av_four_fifth  avia-builder-el-first  first flex_column_div av-zero-column-padding  '     ><p>\n<style type=\"text\/css\" data-created_by=\"avia_inline_auto\" id=\"style-css-av-33aqgx9-9759768ecaf2479738b86e5b78c3d021\">\n#top .hr.hr-invisible.av-33aqgx9-9759768ecaf2479738b86e5b78c3d021{\nheight:80px;\n}\n<\/style>\n<div  class='hr av-33aqgx9-9759768ecaf2479738b86e5b78c3d021 hr-invisible  avia-builder-el-4  el_before_av_heading  avia-builder-el-first '><span class='hr-inner '><span class=\"hr-inner-style\"><\/span><\/span><\/div><br \/>\n\n<style type=\"text\/css\" data-created_by=\"avia_inline_auto\" id=\"style-css-av-av_heading-4e420ec878e1048c3e9cf875c741e3cc\">\n#top .av-special-heading.av-av_heading-4e420ec878e1048c3e9cf875c741e3cc{\npadding-bottom:10px;\nfont-size:20px;\n}\nbody .av-special-heading.av-av_heading-4e420ec878e1048c3e9cf875c741e3cc .av-special-heading-tag .heading-char{\nfont-size:25px;\n}\n#top #wrap_all .av-special-heading.av-av_heading-4e420ec878e1048c3e9cf875c741e3cc .av-special-heading-tag{\nfont-size:20px;\n}\n.av-special-heading.av-av_heading-4e420ec878e1048c3e9cf875c741e3cc .av-subheading{\nfont-size:15px;\n}\n\n@media only screen and (min-width: 480px) and (max-width: 767px){ \n#top #wrap_all .av-special-heading.av-av_heading-4e420ec878e1048c3e9cf875c741e3cc .av-special-heading-tag{\nfont-size:0.8em;\n}\n}\n\n@media only screen and (max-width: 479px){ \n#top #wrap_all .av-special-heading.av-av_heading-4e420ec878e1048c3e9cf875c741e3cc .av-special-heading-tag{\nfont-size:0.8em;\n}\n}\n<\/style>\n<div  class='av-special-heading av-av_heading-4e420ec878e1048c3e9cf875c741e3cc av-special-heading-h3 blockquote modern-quote  avia-builder-el-5  el_after_av_hr  el_before_av_textblock  av-inherit-size'><h3 class='av-special-heading-tag '  itemprop=\"headline\"  >L\u00e4s mer om:<\/h3><div class=\"special-heading-border\"><div class=\"special-heading-inner-border\"><\/div><\/div><\/div><br \/>\n<section  class='av_textblock_section av-26hr1d9-2207896174cee9687be42b66546e4ab1 '   itemscope=\"itemscope\" itemtype=\"https:\/\/schema.org\/CreativeWork\" ><div class='avia_textblock'  itemprop=\"text\" ><p><a href=\"https:\/\/www.idesglobal.com\/en\/references\/skellefteakraft\/\">Skellefte\u00e5 Kraft<\/a><\/p>\n<p><a href=\"http:\/\/www.idesglobal.com\/referenser\/abb-lv-systems\/\">ABB LV Systems<\/a><\/p>\n<p><a href=\"http:\/\/www.idesglobal.com\/referenser\/forsmark\/\">Forsmark<\/a><\/p>\n<p><a href=\"http:\/\/www.idesglobal.com\/referenser\/goteborg-energi\/\">G\u00f6teborg Energi<\/a><\/p>\n<p><a href=\"http:\/\/www.idesglobal.com\/referenser\/skb\/\">SKB<\/a><\/p>\n<p><a href=\"http:\/\/www.idesglobal.com\/referenser\/okg\/\">OKG<\/a><\/p>\n<p><a href=\"http:\/\/www.idesglobal.com\/referenser\/landstingsservice-uppsala-lan\/\">Landstingsservice i Uppsala L\u00e4n<\/a><\/p>\n<p><a href=\"http:\/\/www.idesglobal.com\/referenser\/westinghouse\/\">Westinghouse<\/a><\/p>\n<p><a href=\"https:\/\/imaster.se\/en\/references\/vb-energi\/\">VB Eln\u00e4t<\/a><\/p>\n<\/div><\/section><\/p><\/div>\n<style type=\"text\/css\" data-created_by=\"avia_inline_auto\" id=\"style-css-av-1m9b6q5-c3d6d52d61f921dc725f59b4639a2e23\">\n.flex_column.av-1m9b6q5-c3d6d52d61f921dc725f59b4639a2e23{\nborder-radius:0px 0px 0px 0px;\npadding:0px 0px 0px 0px;\nbackground-color:#ffffff;\n}\n<\/style>\n<div  class='flex_column av-1m9b6q5-c3d6d52d61f921dc725f59b4639a2e23 av_four_fifth  avia-builder-el-7  el_after_av_one_fifth  el_before_av_four_fifth  flex_column_div av-zero-column-padding  '     ><p>\n<style type=\"text\/css\" data-created_by=\"avia_inline_auto\" id=\"style-css-av-kbrwo2g9-ce3890357616293b1368a172d1b65081\">\n#top .av-special-heading.av-kbrwo2g9-ce3890357616293b1368a172d1b65081{\npadding-bottom:10px;\nfont-size:27px;\n}\nbody .av-special-heading.av-kbrwo2g9-ce3890357616293b1368a172d1b65081 .av-special-heading-tag .heading-char{\nfont-size:25px;\n}\n#top #wrap_all .av-special-heading.av-kbrwo2g9-ce3890357616293b1368a172d1b65081 .av-special-heading-tag{\nfont-size:27px;\n}\n.av-special-heading.av-kbrwo2g9-ce3890357616293b1368a172d1b65081 .av-subheading{\nfont-size:15px;\n}\n\n@media only screen and (min-width: 480px) and (max-width: 767px){ \n#top #wrap_all .av-special-heading.av-kbrwo2g9-ce3890357616293b1368a172d1b65081 .av-special-heading-tag{\nfont-size:0.8em;\n}\n}\n\n@media only screen and (max-width: 479px){ \n#top #wrap_all .av-special-heading.av-kbrwo2g9-ce3890357616293b1368a172d1b65081 .av-special-heading-tag{\nfont-size:0.8em;\n}\n}\n<\/style>\n<div  class='av-special-heading av-kbrwo2g9-ce3890357616293b1368a172d1b65081 av-special-heading-h3 blockquote modern-quote  avia-builder-el-8  el_before_av_hr  avia-builder-el-first  av-inherit-size'><h3 class='av-special-heading-tag '  itemprop=\"headline\"  >VB Eln\u00e4t chooses Master concept to create a central holding register<\/h3><div class=\"special-heading-border\"><div class=\"special-heading-inner-border\"><\/div><\/div><\/div><br \/>\n<div  class='hr av-1akuvbh-3178727ef30d381ba45bc603f8ada586 hr-default  avia-builder-el-9  el_after_av_heading  el_before_av_textblock '><span class='hr-inner '><span class=\"hr-inner-style\"><\/span><\/span><\/div><br \/>\n\n<style type=\"text\/css\" data-created_by=\"avia_inline_auto\" id=\"style-css-av-jvz8p37a-4e32d3db41b8fe14b70d800075ae1200\">\n#top .av_textblock_section.av-jvz8p37a-4e32d3db41b8fe14b70d800075ae1200 .avia_textblock{\nfont-size:15px;\n}\n<\/style>\n<section  class='av_textblock_section av-jvz8p37a-4e32d3db41b8fe14b70d800075ae1200 '   itemscope=\"itemscope\" itemtype=\"https:\/\/schema.org\/CreativeWork\" ><div class='avia_textblock'  itemprop=\"text\" ><h4>Many energy companies have gradually and slowly discovered that the difference between the plant&#8217;s actual appearance and what the documentation says, is increasing. <span lang=\"en\" tabindex=\"0\">At the same time, more and more information about the facilites is missing. At the same time, the authorities are placing higher demands on control and inspections. The complexity of the facilities is increasing and the suppliers offer more and more services and intelligence in their products.<\/span><\/h4>\n<p>VB Eln\u00e4t with 17 employees are responsible for region and local network in Ludvika, Smedjebacken and Fagersta. In 2015, they decided to address the issue. Arne L\u00f6v, who is station manager at VB Eln\u00e4t, saw the problem.<\/p>\n<p><em>&#8221; If we do nothing, it will be increasingly difficult and more expensive to maintain and manage the facilities. We cannot take advantage of the new opportunities that exist and we will not be able to hire the best staff. Young people want to work with computers, not with paper and designes that do not correspond to reality, which increases the risk of personal injury and damage to the facility. When the older staff retire, a lot of knowledge that is not documented will disappear,&#8221; says Arne.<\/em><\/p>\n<p><em>\u00a0&#8220;Therefore, in 2015, we decided to create a central plant register in El-n\u00e4t, which in the long term should contain all information and all documents. <span lang=\"en\" tabindex=\"0\">Not only Word, PDF and Excel documents but also all designes, all information about the facilities objects such as time settings, PLC software, etc.,&#8221; continues Arne.\u00a0<\/span><\/em><\/p>\n<h4>New IT support<\/h4>\n<p><span lang=\"en\" tabindex=\"0\">Many documents are common to several facilities objects and when a <\/span><span lang=\"en\" tabindex=\"0\">maintenance <\/span><span lang=\"en\" tabindex=\"0\">work is carried out, it affects many documents, designes and much information. Then it is difficult to ensure that you have updated everything if they are saved in a classic file tree.<\/span><\/p>\n<p><em>\u00a0<\/em><span lang=\"en\" tabindex=\"0\">&#8220;Therefore, we also realized that it was better to save them linked to the facilities objects, namely in an object-oriented database, instead of a classic filter-tree-based document management system,&#8221; says Arne.<\/span><\/p>\n<p>Following customary procurement, Master concept was chosen from IDES in Link\u00f6ping as a technical platform. The solution, which has been around for about 20 years, was originally developed for the nuclear power industry. It has now been packaged, both technically and economically, to suit small and medium-sized energy companies.<\/p>\n<h4>The Project<\/h4>\n<p>VB Energi is a small energy company that does not count on any major projects in the foreseeable future. Then there are two ways to implement this project. Either all paper-borne information is scanned, while all text is interpreted, primarily on the drawings. Or you can move all documentation gradually, as you carry out minor refurbishments and maintenance.<\/p>\n<p><em>&#8220;At VB Energi we chose a gradual introduction,&#8221; says Arne.<\/em><\/p>\n<p><em>&#8220;At the same time, one must not forget that the project is not only an IT project but also a change project that involves introducing new routines. New better IT support without new routines gives no better order,&#8221; explains Arne.<\/em><\/p>\n<h4><span lang=\"en\" tabindex=\"0\">How is it going?<\/span><\/h4>\n<p><em>&#8220;We have had the solution since November 2015 and have come a long way. Working in Master concept is intuitive and since we now have a clear structure and know what we want, it is also easier to make demands on the suppliers. <\/em><span lang=\"en\" tabindex=\"0\">Although the larger suppliers do not always accept our requirements. <\/span><span lang=\"en\" tabindex=\"0\">We will also buy up a new supplier <\/span><span lang=\"en\" tabindex=\"0\">of maintenance and that then have a good order should give lower costs, \u201dsays Arne.<\/span><\/p>\n<p><em>&#8220;It is still a filter tree structure, but the object orientation is more intuitive when searching and updating information. This means that we can now go crosswise i.e. start with an object and then search for electrical drawings, documentation, protocols, other information and in the long term drawings based on the object. And not have to jump into the filter tree&#8217;s different folders. We have a full version control and know that we update a document \/ drawing so this document \/ information is updated for all the objects concerned,&#8221; says Arne.<\/em><\/p>\n<h4>And the challenges?<\/h4>\n<p><em>&#8220;<span lang=\"en\" tabindex=\"0\"> To gradually introduce new routines means that users must live with two routines, the new and the old and changing people&#8217;s behavior is always a challenge. If we do not start to fix our documents now, it will only get worse in the future,&#8221; concludes Arne.<\/span><\/em><\/p>\n<\/div><\/section><\/p><\/div>\n<style type=\"text\/css\" data-created_by=\"avia_inline_auto\" id=\"style-css-av-qll3e5-332a724a33542f04eacd45cd6ce64b88\">\n.flex_column.av-qll3e5-332a724a33542f04eacd45cd6ce64b88{\nborder-radius:0px 0px 0px 0px;\npadding:0px 0px 0px 0px;\n}\n<\/style>\n<div  class='flex_column av-qll3e5-332a724a33542f04eacd45cd6ce64b88 av_four_fifth  avia-builder-el-11  el_after_av_four_fifth  avia-builder-el-last  first flex_column_div av-zero-column-padding  '     ><\/div><\/div><\/div><\/div><!-- close content main div --><\/div><\/div><div id='after_section_2'  class='main_color av_default_container_wrap container_wrap sidebar_left'  ><div class='container av-section-cont-open' ><div class='template-page content  av-content-small units'><div class='post-entry post-entry-type-page post-entry-76685'><div class='entry-content-wrapper clearfix'>\n","protected":false},"excerpt":{"rendered":"","protected":false},"author":1,"featured_media":0,"parent":67702,"menu_order":0,"comment_status":"closed","ping_status":"closed","template":"","meta":{"footnotes":""},"class_list":["post-76685","page","type-page","status-publish","hentry"],"yoast_head":"<!-- This site is optimized with the Yoast SEO Premium plugin v27.3 (Yoast SEO v27.4) - https:\/\/yoast.com\/product\/yoast-seo-premium-wordpress\/ -->\n<title>VB Energi<\/title>\n<meta name=\"description\" content=\"VB-energi v\u00e4ljer MasterConcept f\u00f6r att skapa ett centralt anl\u00e4ggningsregister som p\u00e5 sikt ska inneh\u00e5lla all information och alla dokument.\" \/>\n<meta name=\"robots\" content=\"index, follow, max-snippet:-1, max-image-preview:large, max-video-preview:-1\" \/>\n<link rel=\"canonical\" href=\"https:\/\/imaster.se\/en\/references\/vb-energi\/\" \/>\n<meta property=\"og:locale\" content=\"en_US\" \/>\n<meta property=\"og:type\" content=\"article\" \/>\n<meta property=\"og:title\" content=\"VB Energi\" \/>\n<meta property=\"og:description\" content=\"VB-energi v\u00e4ljer MasterConcept f\u00f6r att skapa ett centralt anl\u00e4ggningsregister som p\u00e5 sikt ska inneh\u00e5lla all information och alla dokument.\" \/>\n<meta property=\"og:url\" content=\"https:\/\/imaster.se\/en\/references\/vb-energi\/\" \/>\n<meta property=\"og:site_name\" content=\"Ides AB\" \/>\n<meta property=\"article:modified_time\" content=\"2020-06-23T12:30:05+00:00\" \/>\n<meta name=\"twitter:label1\" content=\"Est. reading time\" \/>\n\t<meta name=\"twitter:data1\" content=\"7 minutes\" \/>\n<script type=\"application\/ld+json\" class=\"yoast-schema-graph\">{\"@context\":\"https:\\\/\\\/schema.org\",\"@graph\":[{\"@type\":\"WebPage\",\"@id\":\"https:\\\/\\\/imaster.se\\\/en\\\/references\\\/vb-energi\\\/\",\"url\":\"https:\\\/\\\/imaster.se\\\/en\\\/references\\\/vb-energi\\\/\",\"name\":\"VB Energi\",\"isPartOf\":{\"@id\":\"https:\\\/\\\/idescrm.idesglobal.com\\\/#website\"},\"datePublished\":\"2016-11-16T07:17:52+00:00\",\"dateModified\":\"2020-06-23T12:30:05+00:00\",\"description\":\"VB-energi v\u00e4ljer MasterConcept f\u00f6r att skapa ett centralt anl\u00e4ggningsregister som p\u00e5 sikt ska inneh\u00e5lla all information och alla dokument.\",\"breadcrumb\":{\"@id\":\"https:\\\/\\\/imaster.se\\\/en\\\/references\\\/vb-energi\\\/#breadcrumb\"},\"inLanguage\":\"en-US\",\"potentialAction\":[{\"@type\":\"ReadAction\",\"target\":[\"https:\\\/\\\/imaster.se\\\/en\\\/references\\\/vb-energi\\\/\"]}]},{\"@type\":\"BreadcrumbList\",\"@id\":\"https:\\\/\\\/imaster.se\\\/en\\\/references\\\/vb-energi\\\/#breadcrumb\",\"itemListElement\":[{\"@type\":\"ListItem\",\"position\":1,\"name\":\"Hem\",\"item\":\"https:\\\/\\\/www.imaster.se\\\/en\\\/\"},{\"@type\":\"ListItem\",\"position\":2,\"name\":\"References\",\"item\":\"https:\\\/\\\/imaster.se\\\/en\\\/references\\\/\"},{\"@type\":\"ListItem\",\"position\":3,\"name\":\"VB Energi\"}]},{\"@type\":\"WebSite\",\"@id\":\"https:\\\/\\\/idescrm.idesglobal.com\\\/#website\",\"url\":\"https:\\\/\\\/idescrm.idesglobal.com\\\/\",\"name\":\"Ides AB\",\"description\":\"Ides Master concept\",\"publisher\":{\"@id\":\"https:\\\/\\\/idescrm.idesglobal.com\\\/#organization\"},\"potentialAction\":[{\"@type\":\"SearchAction\",\"target\":{\"@type\":\"EntryPoint\",\"urlTemplate\":\"https:\\\/\\\/idescrm.idesglobal.com\\\/?s={search_term_string}\"},\"query-input\":{\"@type\":\"PropertyValueSpecification\",\"valueRequired\":true,\"valueName\":\"search_term_string\"}}],\"inLanguage\":\"en-US\"},{\"@type\":\"Organization\",\"@id\":\"https:\\\/\\\/idescrm.idesglobal.com\\\/#organization\",\"name\":\"Ides AB\",\"url\":\"https:\\\/\\\/idescrm.idesglobal.com\\\/\",\"logo\":{\"@type\":\"ImageObject\",\"inLanguage\":\"en-US\",\"@id\":\"https:\\\/\\\/idescrm.idesglobal.com\\\/#\\\/schema\\\/logo\\\/image\\\/\",\"url\":\"https:\\\/\\\/idesglobal.com\\\/wp-content\\\/uploads\\\/2021\\\/06\\\/Master_concept_ides_20-stor.png\",\"contentUrl\":\"https:\\\/\\\/idesglobal.com\\\/wp-content\\\/uploads\\\/2021\\\/06\\\/Master_concept_ides_20-stor.png\",\"width\":400,\"height\":59,\"caption\":\"Ides AB\"},\"image\":{\"@id\":\"https:\\\/\\\/idescrm.idesglobal.com\\\/#\\\/schema\\\/logo\\\/image\\\/\"},\"sameAs\":[\"https:\\\/\\\/www.linkedin.com\\\/company\\\/1933692\\\/\"]}]}<\/script>\n<!-- \/ Yoast SEO Premium plugin. -->","yoast_head_json":{"title":"VB Energi","description":"VB-energi v\u00e4ljer MasterConcept f\u00f6r att skapa ett centralt anl\u00e4ggningsregister som p\u00e5 sikt ska inneh\u00e5lla all information och alla dokument.","robots":{"index":"index","follow":"follow","max-snippet":"max-snippet:-1","max-image-preview":"max-image-preview:large","max-video-preview":"max-video-preview:-1"},"canonical":"https:\/\/imaster.se\/en\/references\/vb-energi\/","og_locale":"en_US","og_type":"article","og_title":"VB Energi","og_description":"VB-energi v\u00e4ljer MasterConcept f\u00f6r att skapa ett centralt anl\u00e4ggningsregister som p\u00e5 sikt ska inneh\u00e5lla all information och alla dokument.","og_url":"https:\/\/imaster.se\/en\/references\/vb-energi\/","og_site_name":"Ides AB","article_modified_time":"2020-06-23T12:30:05+00:00","twitter_misc":{"Est. reading time":"7 minutes"},"schema":{"@context":"https:\/\/schema.org","@graph":[{"@type":"WebPage","@id":"https:\/\/imaster.se\/en\/references\/vb-energi\/","url":"https:\/\/imaster.se\/en\/references\/vb-energi\/","name":"VB Energi","isPartOf":{"@id":"https:\/\/idescrm.idesglobal.com\/#website"},"datePublished":"2016-11-16T07:17:52+00:00","dateModified":"2020-06-23T12:30:05+00:00","description":"VB-energi v\u00e4ljer MasterConcept f\u00f6r att skapa ett centralt anl\u00e4ggningsregister som p\u00e5 sikt ska inneh\u00e5lla all information och alla dokument.","breadcrumb":{"@id":"https:\/\/imaster.se\/en\/references\/vb-energi\/#breadcrumb"},"inLanguage":"en-US","potentialAction":[{"@type":"ReadAction","target":["https:\/\/imaster.se\/en\/references\/vb-energi\/"]}]},{"@type":"BreadcrumbList","@id":"https:\/\/imaster.se\/en\/references\/vb-energi\/#breadcrumb","itemListElement":[{"@type":"ListItem","position":1,"name":"Hem","item":"https:\/\/www.imaster.se\/en\/"},{"@type":"ListItem","position":2,"name":"References","item":"https:\/\/imaster.se\/en\/references\/"},{"@type":"ListItem","position":3,"name":"VB Energi"}]},{"@type":"WebSite","@id":"https:\/\/idescrm.idesglobal.com\/#website","url":"https:\/\/idescrm.idesglobal.com\/","name":"Ides AB","description":"Ides Master concept","publisher":{"@id":"https:\/\/idescrm.idesglobal.com\/#organization"},"potentialAction":[{"@type":"SearchAction","target":{"@type":"EntryPoint","urlTemplate":"https:\/\/idescrm.idesglobal.com\/?s={search_term_string}"},"query-input":{"@type":"PropertyValueSpecification","valueRequired":true,"valueName":"search_term_string"}}],"inLanguage":"en-US"},{"@type":"Organization","@id":"https:\/\/idescrm.idesglobal.com\/#organization","name":"Ides AB","url":"https:\/\/idescrm.idesglobal.com\/","logo":{"@type":"ImageObject","inLanguage":"en-US","@id":"https:\/\/idescrm.idesglobal.com\/#\/schema\/logo\/image\/","url":"https:\/\/idesglobal.com\/wp-content\/uploads\/2021\/06\/Master_concept_ides_20-stor.png","contentUrl":"https:\/\/idesglobal.com\/wp-content\/uploads\/2021\/06\/Master_concept_ides_20-stor.png","width":400,"height":59,"caption":"Ides AB"},"image":{"@id":"https:\/\/idescrm.idesglobal.com\/#\/schema\/logo\/image\/"},"sameAs":["https:\/\/www.linkedin.com\/company\/1933692\/"]}]}},"_links":{"self":[{"href":"https:\/\/imaster.se\/en\/wp-json\/wp\/v2\/pages\/76685","targetHints":{"allow":["GET"]}}],"collection":[{"href":"https:\/\/imaster.se\/en\/wp-json\/wp\/v2\/pages"}],"about":[{"href":"https:\/\/imaster.se\/en\/wp-json\/wp\/v2\/types\/page"}],"author":[{"embeddable":true,"href":"https:\/\/imaster.se\/en\/wp-json\/wp\/v2\/users\/1"}],"replies":[{"embeddable":true,"href":"https:\/\/imaster.se\/en\/wp-json\/wp\/v2\/comments?post=76685"}],"version-history":[{"count":6,"href":"https:\/\/imaster.se\/en\/wp-json\/wp\/v2\/pages\/76685\/revisions"}],"predecessor-version":[{"id":92456,"href":"https:\/\/imaster.se\/en\/wp-json\/wp\/v2\/pages\/76685\/revisions\/92456"}],"up":[{"embeddable":true,"href":"https:\/\/imaster.se\/en\/wp-json\/wp\/v2\/pages\/67702"}],"wp:attachment":[{"href":"https:\/\/imaster.se\/en\/wp-json\/wp\/v2\/media?parent=76685"}],"curies":[{"name":"wp","href":"https:\/\/api.w.org\/{rel}","templated":true}]}}