{"id":71832,"date":"2018-04-05T14:31:42","date_gmt":"2018-04-05T12:31:42","guid":{"rendered":"https:\/\/imaster.se\/zh-cn\/?page_id=71832"},"modified":"2018-04-16T11:02:47","modified_gmt":"2018-04-16T09:02:47","slug":"cep-ides-%e5%ae%a2%e6%88%b7%e4%bd%93%e9%aa%8c%e8%ae%a1%e5%88%92","status":"publish","type":"page","link":"https:\/\/imaster.se\/zh-cn\/cep-ides-%e5%ae%a2%e6%88%b7%e4%bd%93%e9%aa%8c%e8%ae%a1%e5%88%92\/","title":{"rendered":"CEP- Ides \u5ba2\u6237\u4f53\u9a8c\u8ba1\u5212"},"content":{"rendered":"<section  class='av_textblock_section av-av_textblock-2de302bf1aa3cf4c9157dbe6f50ac7eb '   itemscope=\"itemscope\" itemtype=\"https:\/\/schema.org\/CreativeWork\" ><div class='avia_textblock'  itemprop=\"text\" ><h2><span style=\"font-size: 16px;\">Ides\u9690\u79c1\u653f\u7b56<\/span><\/h2>\n<p>\u8be5\u4fe1\u606f\u5305\u542b\u4e86\u53d1\u9001\u81f3Ides \u5ba2\u6237\u4f53\u9a8c\u8ba1\u5212CEP\u6a21\u5757\u7684\u5173\u4e8eIdes\u8f6f\u4ef6\u7684\u4f7f\u7528\u4fe1\u606f\u6536\u96c6\u4ee5\u53ca\u201cIdes \u5ba2\u6237\u4f53\u9a8c\u8ba1\u5212\u201d (CEP)\u62a5\u544a\u3002<\/p>\n<p>\u6536\u96c6\u7684\u4fe1\u606f\u4e0d\u4ec5\u53ef\u4ee5\u5e2e\u52a9Ides \u66f4\u597d\u7684\u4e86\u89e3\u5ba2\u6237\u7684\u4f7f\u7528\u4f53\u9a8c\uff0c\u5982MasterExplorer\uff0c\u5ba2\u6237\u4f53\u9a8c\u53ef\u4ee5\u662f\u8f6f\u4ef6\u6027\u80fd\u7684\u4f53\u9a8c\u6216\u83b7\u53d6\u6240\u9700\u529f\u80fd\u7684\u603b\u70b9\u51fb\u6b21\u6570\uff0c\u8fd8\u80fd\u591f\u4ee5\u7edf\u8ba1\u7528\u4e8e\u4ea7\u54c1\u5404\u4e2a\u6a21\u5757\u548c\u5bf9\u8bdd\u53ca\u5982\u4f55\u4f7f\u7528\u7684\u6570\u636e\u7684\u65b9\u5f0f\uff0c\u5e2e\u52a9Ides\u66f4\u597d\u5730\u4e3a\u5ba2\u6237\u63d0\u4f9b\u652f\u6301\u3002<\/p>\n<\/div><\/section>\n<section  class='av_textblock_section av-av_textblock-2de302bf1aa3cf4c9157dbe6f50ac7eb '   itemscope=\"itemscope\" itemtype=\"https:\/\/schema.org\/CreativeWork\" ><div class='avia_textblock'  itemprop=\"text\" ><h2><\/h2>\n<h3>Insamlad data f\u00f6r licens och anv\u00e4ndarkontroller f\u00f6r \u00e5tkomst till systemet<\/h3>\n<h3><strong>\u7528\u4e8e\u7cfb\u7edf\u8bbf\u95ee\u7684\u8bb8\u53ef\u8bc1\u53ca\u7528\u6237\u4f7f\u7528\u63a7\u5236\u7684\u6536\u96c6\u4fe1\u606f<\/strong><\/h3>\n<p>\u4ece\u7528\u6237\u7fa4\u4e2d\u6536\u96c6\u7684\u6570\u636e\u4ee5\u53ca\u7528\u6237\u8bbf\u95eeIdes \u8f6f\u4ef6\u7684\u8bbe\u5907\u4ec5\u7528\u4e8e\u8bc6\u522b\u548c\u8ba4\u8bc1\u7528\u6237\u4ee5\u53ca\u5176\u8bbf\u95ee\u8bbe\u5907\u3002<\/p>\n<p>\u8bc6\u522b\u548c\u8ba4\u8bc1\u7528\u6237\u7684\u76ee\u7684\u5728\u4e8e\u786e\u5b9a\u7528\u6237\u662f\u5426\u6709\u6743\u9650\u8bbf\u95ee\u8bb8\u53ef\u65b9\u50a8\u5b58\u5728\u4e0e\u7528\u6237\u76f8\u8fde\u7684\u6570\u636e\u5e93\u4e2d\u7684\u6570\u636e\u3002<\/p>\n<p>\u7528\u4e8e\u8bb8\u53ef\u8bc1\u7ba1\u7406\u6536\u96c6\u5728 Ides \u8f6f\u4ef6\u4e2d\u7684\u6570\u636e\u5728\u8bb8\u53ef\u65b9\u73af\u5883\u4e0b\u6216Ides\u4e91(\u82e5\u8bb8\u53ef\u65b9\u9009\u62e9Ides\u4e91\u4f5c\u4e3a\u89e3\u51b3\u65b9\u6848)\u4e2d\u5b58\u50a8\u548c\u7ba1\u7406\u3002\u53d1\u9001\u81f3 Ides\u8f6f\u4ef6\u8bb8\u53ef\u8bc1\u7ba1\u7406\u533a\u57df\u7684\u8bb8\u53ef\u8bc1\u6570\u636e\u5305\u542b\u57df\u540d\u7528\u6237\u548c\/\u6216\u6570\u636e\u5e93\u7528\u6237\u540d\uff0c IP\u5730\u5740\u548c\u8bbe\u5907\u9274\u5b9a\u3002<\/p>\n<h4>\u7528\u4e8eIdes\u5ba2\u6237\u4f53\u9a8c\u8ba1\u5212CEP\u7684\u6536\u96c6\u6570\u636e<\/h4>\n<p>Ides\u63a5\u6536\u7684\u4e3b\u8981\u4fe1\u606f\u90e8\u5206\u5305\u542b\u5bf9\u8bdd\u540d\u79f0\u53ca\u5728MasterConcept\u4e2d\u6253\u5f00\u548c\u4f7f\u7528\u7684\u83dc\u5355\u9009\u62e9\uff0c\u76ee\u7684\u5728\u4e8e\u80fd\u591f\u4e86\u89e3\u5ba2\u6237\u4f7f\u7528\u54ea\u4e9b\u8f6f\u4ef6\u4ea7\u54c1\u548c\u529f\u80fd\u3002Ides\u4e5f\u5c06\u63a5\u6536\u6027\u80fd\u6d4b\u91cf\u5b9e\u65f6\u6570\u636e(\u5145\u7535\u65f6\u95f4)\uff0c\u76ee\u7684\u5728\u4e8e\u8bc6\u522b\u7f13\u6162\u7684SQL\u95ee\u9898 (\u4f46\u662f\u6ca1\u6709\u6f5c\u5728\u7684\u654f\u611f\u6570\u636e\u6216\u53c2\u6570\u503c)\u3002<\/p>\n<h4>Ides\u5ba2\u6237\u4f53\u9a8c\u8ba1\u5212\u62a5\u544a\u5305\u542b\u4ee5\u4e0b\u4fe1\u606f\uff1a<\/h4>\n<ul>\n<li>\u7535\u8111\u914d\u7f6e\uff0c\u5982\u5b89\u88c5\u5927\u91cf\u5185\u5b58\u91cf\u548c\u8fd0\u884c\u7cfb\u7edf\u7248\u672c<\/li>\n<li>\u5b89\u88c5\u7528\u4e8eMasterConcept\u7684\u7b2c\u4e09\u65b9\u4ea7\u54c1\uff0c\u5982AutoCAD\u548cMicrosoft Office<\/li>\n<li>\u6027\u80fd\u7edf\u8ba1\uff0c\u5305\u542bMasterExplorer\u7684\u5145\u7535\u65f6\u95f4\u548c\u6240\u6709\u5bf9\u8bdd<\/li>\n<li>\u5bf9\u8bdd\u4f7f\u7528\u7edf\u8ba1\uff0c\u5982\u5c06\u4f7f\u7528\u7684\u5bf9\u8bdd\u53ca\u5176\u4f7f\u7528\u91cf\u548c\u5bf9\u8bdd\u542f\u52a8\u65f6\u4f7f\u7528\u7684\u83dc\u5355\u9009\u62e9\u3002<\/li>\n<li>\u5f53\u5ba2\u6237\u4f53\u9a8c\u8ba1\u5212\u65e5\u5fd7\u53d1\u9001\u81f3Ides\u670d\u52a1\u5668\u65f6\uff0cIdes\u670d\u52a1\u5668\u5c06\u4e0d\u4f1a\u767b\u5f55\u00a0IP\u5730\u5740\u3002<\/li>\n<\/ul>\n<h4><strong>\u5b89\u5168\u6027<\/strong><\/h4>\n<p>\u901a\u8fc7\u5ba2\u6237\u4f53\u9a8c\u8ba1\u5212\u53d1\u9001\u81f3Ides\u7684\u6570\u636e\u662f\u4f7f\u7528\u201c\u4f20\u8f93\u5c42\u5b89\u5168\u534f\u5b9a\u201d (SSL)\u52a0\u5bc6\u7684\uff0c\u76ee\u7684\u5728\u4e8e\u9884\u9632\u5ba2\u6237\u4fe1\u606f\u88ab\u62e6\u622a\u3002\u4fe1\u606f\u4ec5\u50a8\u5b58\u5728Ides\u670d\u52a1\u5668\uff0c\u7528\u4e8e\u6c47\u7f16\u4f7f\u7528\u548c\u6027\u80fd\u7edf\u8ba1\u3002\u591a\u540d\u6280\u672f\u4eba\u5458\u5c06\u8d1f\u8d23\u4fdd\u62a4Ides\u670d\u52a1\u5668\u7684\u5b89\u5168\u3002<\/p>\n<h4>\u4e2a\u4eba\u53ef\u8bc6\u522b\u4fe1\u606f<\/h4>\n<p>\u5ba2\u6237\u4f53\u9a8c\u8ba1\u5212\u65e5\u5fd7\u4e0d\u5305\u542b\u7528\u6237\u7684\u201c\u7b80\u79f0\u201d\u6216\u5176\u5b83\u53ef\u8bc6\u522b\u4fe1\u606f\u3002\u6240\u6709\u8bc6\u522b\u4fe1\u606f\u90fd\u662f\u53ef\u9009\u62e9\u7684\uff0c\u9650\u7528\u4e8e\u7b80\u5316\u652f\u6301\u6d41\u7a0b\uff0c\u8bc6\u522b\u7279\u5b9a\u7528\u6237\u9047\u5230\u7684\u6545\u969c\u6216\u6027\u80fd\u95ee\u9898\u3002<\/p>\n<p><strong>\u4e0d\u6536\u96c6\u7684\u4e2a\u4eba\u4fe1\u606f<\/strong><\/p>\n<p>\u6839\u636e\u745e\u5178\u548c\u56fd\u9645\u6cd5\uff0cIdes\u8f6f\u4ef6\u4e0d\u5141\u8bb8\u6536\u96c6\u8bbe\u5907\u4e2d\u80fd\u591f\u76f4\u63a5\u6216\u95f4\u63a5\u8bc6\u522b\u6216\u6cc4\u9732\u60a8\u8eab\u4efd\u7684\u6570\u636e\u3002\u9690\u79c1\u6743\u6cd5(SFS 1998:204) \u65e8\u5728\u4fdd\u62a4\u4e2a\u4eba\u9690\u79c1\u4e0d\u53d7\u4fb5\u72af\uff0c\u4e2a\u4eba\u6570\u636e\u5904\u7406\u5305\u62ec\u6536\u96c6\uff0c\u6ce8\u518c\uff0c\u5b58\u50a8\uff0c\u52a0\u5de5\uff0c\u4f20\u64ad\uff0c\u5220\u9664\u7b49\u3002\u9690\u79c1\u6743\u6cd5\u662f\u57fa\u4e8e\u6b27\u76df\u7684\u5171\u540c\u6cd5\u89c4\uff0c\u6240\u8c13\u7684\u6570\u636e\u4fdd\u62a4\u6307\u4ee4\u3002<\/p>\n<h4>\u6570\u636e\u5171\u4eab<\/h4>\n<p>Ides\u5c06\u4e0d\u4e0e\u7b2c\u4e09\u65b9\u5171\u4eab\u6240\u6536\u96c6\u7684\u5ba2\u6237\u4f53\u9a8c\u8ba1\u5212CEP\u6570\u636e\u3002\u6536\u96c6\u7684CEP\u7edf\u8ba1\u5c06\u53ef\u80fd\u5728\u652f\u6301\u95e8\u6237\u7f51\u7ad9\u4e2d\u5448\u73b0\u3002 Ides\u4e5f\u5c06\u4e0d\u4f1a\u5171\u4eab\u6536\u96c6\u6570\u636e\uff0c\u4e5f\u4e0d\u5141\u8bb8\u5171\u4eab\u672a\u6536\u96c6\u7684\u4e2a\u4eba\u53ef\u8bc6\u522b\u4fe1\u606f\u6570\u636e\u3002<\/p>\n<h4>\u66f4\u591a\u4fe1\u606f<\/h4>\n<p>\u66f4\u591a\u7684\u5173\u4e8e\u5b89\u5168\u653f\u7b56\u6216Ides CEP\u5ba2\u6237\u4f53\u9a8c\u8ba1\u5212\u7684\u95ee\u9898\uff0c\u8bf7\u90ae\u4ef6\u81f3Ides\u6280\u672f\u652f\u6301support@idesglobal.com\u3002<\/p>\n<h4><strong>\u6b64\u5b89\u5168\u653f\u7b56\u7684\u66f4\u65b0<\/strong><\/h4>\n<p>\u6b64\u5b89\u5168\u653f\u7b56\u4ee5\u540e\u6709\u53ef\u80fd\u4f1a\u66f4\u65b0\u3002\u66f4\u65b0\u540e\u5c06\u4f1a\u5728\u6587\u4ef6\u6700\u4e0b\u65b9\u201c\u6700\u8fd1\u66f4\u65b0\u201d\u6ce8\u660e\u66f4\u65b0\u65e5\u671f\u3002\u60a8\u7684\u6301\u7eed\u4f7f\u7528Ides \u8f6f\u4ef6\u5c06\u88ab\u89e3\u91ca\u4e3a\u60a8\u540c\u610f\u8bb8\u53ef\u534f\u8bae\u548c\u4e0a\u8ff0\u6240\u6709\u7684\u4fe1\u606f\u3002<\/p>\n<h4>Ides\u8054\u7cfb\u65b9\u5f0f<\/h4>\n<p>\u516c\u53f8\u540d\uff1aIdes AB<br \/>\n\u5730\u5740\uff1aKlostergatan 12<br \/>\n582 23 Link\u00f6ping, Sweden<\/p>\n<p>\u90ae\u4ef6: support@idesglobal.com<br \/>\n\u6700\u8fd1\u66f4\u65b0: 2017\u5e7410\u670831\u65e5<\/p>\n<\/div><\/section>\n","protected":false},"excerpt":{"rendered":"","protected":false},"author":1,"featured_media":0,"parent":0,"menu_order":0,"comment_status":"open","ping_status":"open","template":"template-blank.php","meta":{"footnotes":""},"class_list":["post-71832","page","type-page","status-publish","hentry"],"yoast_head":"<!-- This site is optimized with the Yoast SEO Premium plugin v27.3 (Yoast SEO v27.4) - https:\/\/yoast.com\/product\/yoast-seo-premium-wordpress\/ -->\n<title>CEP- Ides \u5ba2\u6237\u4f53\u9a8c\u8ba1\u5212<\/title>\n<meta name=\"robots\" content=\"index, follow, max-snippet:-1, max-image-preview:large, max-video-preview:-1\" \/>\n<link rel=\"canonical\" href=\"https:\/\/imaster.se\/zh-cn\/cep-ides-%e5%ae%a2%e6%88%b7%e4%bd%93%e9%aa%8c%e8%ae%a1%e5%88%92\/\" \/>\n<meta property=\"og:locale\" content=\"zh_CN\" \/>\n<meta property=\"og:type\" content=\"article\" \/>\n<meta property=\"og:title\" content=\"CEP- Ides \u5ba2\u6237\u4f53\u9a8c\u8ba1\u5212\" \/>\n<meta property=\"og:url\" content=\"https:\/\/imaster.se\/zh-cn\/cep-ides-%e5%ae%a2%e6%88%b7%e4%bd%93%e9%aa%8c%e8%ae%a1%e5%88%92\/\" \/>\n<meta property=\"og:site_name\" content=\"Ides AB\" \/>\n<meta property=\"article:modified_time\" content=\"2018-04-16T09:02:47+00:00\" \/>\n<meta name=\"twitter:label1\" content=\"\u9884\u8ba1\u9605\u8bfb\u65f6\u95f4\" \/>\n\t<meta name=\"twitter:data1\" content=\"1 \u5206\" \/>\n<script type=\"application\/ld+json\" class=\"yoast-schema-graph\">{\"@context\":\"https:\\\/\\\/schema.org\",\"@graph\":[{\"@type\":\"WebPage\",\"@id\":\"https:\\\/\\\/imaster.se\\\/zh-cn\\\/cep-ides-%e5%ae%a2%e6%88%b7%e4%bd%93%e9%aa%8c%e8%ae%a1%e5%88%92\\\/\",\"url\":\"https:\\\/\\\/imaster.se\\\/zh-cn\\\/cep-ides-%e5%ae%a2%e6%88%b7%e4%bd%93%e9%aa%8c%e8%ae%a1%e5%88%92\\\/\",\"name\":\"CEP- Ides \u5ba2\u6237\u4f53\u9a8c\u8ba1\u5212\",\"isPartOf\":{\"@id\":\"https:\\\/\\\/imaster.se\\\/zh-cn\\\/#website\"},\"datePublished\":\"2018-04-05T12:31:42+00:00\",\"dateModified\":\"2018-04-16T09:02:47+00:00\",\"breadcrumb\":{\"@id\":\"https:\\\/\\\/imaster.se\\\/zh-cn\\\/cep-ides-%e5%ae%a2%e6%88%b7%e4%bd%93%e9%aa%8c%e8%ae%a1%e5%88%92\\\/#breadcrumb\"},\"inLanguage\":\"zh-Hans\",\"potentialAction\":[{\"@type\":\"ReadAction\",\"target\":[\"https:\\\/\\\/imaster.se\\\/zh-cn\\\/cep-ides-%e5%ae%a2%e6%88%b7%e4%bd%93%e9%aa%8c%e8%ae%a1%e5%88%92\\\/\"]}]},{\"@type\":\"BreadcrumbList\",\"@id\":\"https:\\\/\\\/imaster.se\\\/zh-cn\\\/cep-ides-%e5%ae%a2%e6%88%b7%e4%bd%93%e9%aa%8c%e8%ae%a1%e5%88%92\\\/#breadcrumb\",\"itemListElement\":[{\"@type\":\"ListItem\",\"position\":1,\"name\":\"Hem\",\"item\":\"https:\\\/\\\/www.idesglobal.com\\\/zh-cn\\\/\"},{\"@type\":\"ListItem\",\"position\":2,\"name\":\"CEP- Ides \u5ba2\u6237\u4f53\u9a8c\u8ba1\u5212\"}]},{\"@type\":\"WebSite\",\"@id\":\"https:\\\/\\\/imaster.se\\\/zh-cn\\\/#website\",\"url\":\"https:\\\/\\\/imaster.se\\\/zh-cn\\\/\",\"name\":\"Ides AB\",\"description\":\"Ides Master concept\",\"publisher\":{\"@id\":\"https:\\\/\\\/imaster.se\\\/zh-cn\\\/#organization\"},\"potentialAction\":[{\"@type\":\"SearchAction\",\"target\":{\"@type\":\"EntryPoint\",\"urlTemplate\":\"https:\\\/\\\/imaster.se\\\/zh-cn\\\/?s={search_term_string}\"},\"query-input\":{\"@type\":\"PropertyValueSpecification\",\"valueRequired\":true,\"valueName\":\"search_term_string\"}}],\"inLanguage\":\"zh-Hans\"},{\"@type\":\"Organization\",\"@id\":\"https:\\\/\\\/imaster.se\\\/zh-cn\\\/#organization\",\"name\":\"Ides AB\",\"url\":\"https:\\\/\\\/imaster.se\\\/zh-cn\\\/\",\"logo\":{\"@type\":\"ImageObject\",\"inLanguage\":\"zh-Hans\",\"@id\":\"https:\\\/\\\/imaster.se\\\/zh-cn\\\/#\\\/schema\\\/logo\\\/image\\\/\",\"url\":\"https:\\\/\\\/idesglobal.com\\\/wp-content\\\/uploads\\\/2021\\\/06\\\/Master_concept_ides_20-stor.png\",\"contentUrl\":\"https:\\\/\\\/idesglobal.com\\\/wp-content\\\/uploads\\\/2021\\\/06\\\/Master_concept_ides_20-stor.png\",\"width\":400,\"height\":59,\"caption\":\"Ides AB\"},\"image\":{\"@id\":\"https:\\\/\\\/imaster.se\\\/zh-cn\\\/#\\\/schema\\\/logo\\\/image\\\/\"},\"sameAs\":[\"https:\\\/\\\/www.linkedin.com\\\/company\\\/1933692\\\/\"]}]}<\/script>\n<!-- \/ Yoast SEO Premium plugin. -->","yoast_head_json":{"title":"CEP- Ides \u5ba2\u6237\u4f53\u9a8c\u8ba1\u5212","robots":{"index":"index","follow":"follow","max-snippet":"max-snippet:-1","max-image-preview":"max-image-preview:large","max-video-preview":"max-video-preview:-1"},"canonical":"https:\/\/imaster.se\/zh-cn\/cep-ides-%e5%ae%a2%e6%88%b7%e4%bd%93%e9%aa%8c%e8%ae%a1%e5%88%92\/","og_locale":"zh_CN","og_type":"article","og_title":"CEP- Ides \u5ba2\u6237\u4f53\u9a8c\u8ba1\u5212","og_url":"https:\/\/imaster.se\/zh-cn\/cep-ides-%e5%ae%a2%e6%88%b7%e4%bd%93%e9%aa%8c%e8%ae%a1%e5%88%92\/","og_site_name":"Ides AB","article_modified_time":"2018-04-16T09:02:47+00:00","twitter_misc":{"\u9884\u8ba1\u9605\u8bfb\u65f6\u95f4":"1 \u5206"},"schema":{"@context":"https:\/\/schema.org","@graph":[{"@type":"WebPage","@id":"https:\/\/imaster.se\/zh-cn\/cep-ides-%e5%ae%a2%e6%88%b7%e4%bd%93%e9%aa%8c%e8%ae%a1%e5%88%92\/","url":"https:\/\/imaster.se\/zh-cn\/cep-ides-%e5%ae%a2%e6%88%b7%e4%bd%93%e9%aa%8c%e8%ae%a1%e5%88%92\/","name":"CEP- Ides \u5ba2\u6237\u4f53\u9a8c\u8ba1\u5212","isPartOf":{"@id":"https:\/\/imaster.se\/zh-cn\/#website"},"datePublished":"2018-04-05T12:31:42+00:00","dateModified":"2018-04-16T09:02:47+00:00","breadcrumb":{"@id":"https:\/\/imaster.se\/zh-cn\/cep-ides-%e5%ae%a2%e6%88%b7%e4%bd%93%e9%aa%8c%e8%ae%a1%e5%88%92\/#breadcrumb"},"inLanguage":"zh-Hans","potentialAction":[{"@type":"ReadAction","target":["https:\/\/imaster.se\/zh-cn\/cep-ides-%e5%ae%a2%e6%88%b7%e4%bd%93%e9%aa%8c%e8%ae%a1%e5%88%92\/"]}]},{"@type":"BreadcrumbList","@id":"https:\/\/imaster.se\/zh-cn\/cep-ides-%e5%ae%a2%e6%88%b7%e4%bd%93%e9%aa%8c%e8%ae%a1%e5%88%92\/#breadcrumb","itemListElement":[{"@type":"ListItem","position":1,"name":"Hem","item":"https:\/\/www.idesglobal.com\/zh-cn\/"},{"@type":"ListItem","position":2,"name":"CEP- Ides \u5ba2\u6237\u4f53\u9a8c\u8ba1\u5212"}]},{"@type":"WebSite","@id":"https:\/\/imaster.se\/zh-cn\/#website","url":"https:\/\/imaster.se\/zh-cn\/","name":"Ides AB","description":"Ides Master concept","publisher":{"@id":"https:\/\/imaster.se\/zh-cn\/#organization"},"potentialAction":[{"@type":"SearchAction","target":{"@type":"EntryPoint","urlTemplate":"https:\/\/imaster.se\/zh-cn\/?s={search_term_string}"},"query-input":{"@type":"PropertyValueSpecification","valueRequired":true,"valueName":"search_term_string"}}],"inLanguage":"zh-Hans"},{"@type":"Organization","@id":"https:\/\/imaster.se\/zh-cn\/#organization","name":"Ides AB","url":"https:\/\/imaster.se\/zh-cn\/","logo":{"@type":"ImageObject","inLanguage":"zh-Hans","@id":"https:\/\/imaster.se\/zh-cn\/#\/schema\/logo\/image\/","url":"https:\/\/idesglobal.com\/wp-content\/uploads\/2021\/06\/Master_concept_ides_20-stor.png","contentUrl":"https:\/\/idesglobal.com\/wp-content\/uploads\/2021\/06\/Master_concept_ides_20-stor.png","width":400,"height":59,"caption":"Ides AB"},"image":{"@id":"https:\/\/imaster.se\/zh-cn\/#\/schema\/logo\/image\/"},"sameAs":["https:\/\/www.linkedin.com\/company\/1933692\/"]}]}},"_links":{"self":[{"href":"https:\/\/imaster.se\/zh-cn\/wp-json\/wp\/v2\/pages\/71832","targetHints":{"allow":["GET"]}}],"collection":[{"href":"https:\/\/imaster.se\/zh-cn\/wp-json\/wp\/v2\/pages"}],"about":[{"href":"https:\/\/imaster.se\/zh-cn\/wp-json\/wp\/v2\/types\/page"}],"author":[{"embeddable":true,"href":"https:\/\/imaster.se\/zh-cn\/wp-json\/wp\/v2\/users\/1"}],"replies":[{"embeddable":true,"href":"https:\/\/imaster.se\/zh-cn\/wp-json\/wp\/v2\/comments?post=71832"}],"version-history":[{"count":6,"href":"https:\/\/imaster.se\/zh-cn\/wp-json\/wp\/v2\/pages\/71832\/revisions"}],"predecessor-version":[{"id":80396,"href":"https:\/\/imaster.se\/zh-cn\/wp-json\/wp\/v2\/pages\/71832\/revisions\/80396"}],"wp:attachment":[{"href":"https:\/\/imaster.se\/zh-cn\/wp-json\/wp\/v2\/media?parent=71832"}],"curies":[{"name":"wp","href":"https:\/\/api.w.org\/{rel}","templated":true}]}}